{"id":324,"date":"2023-05-21T12:20:07","date_gmt":"2023-05-21T11:20:07","guid":{"rendered":"https:\/\/www.restaurantepozuelo.com\/?page_id=324"},"modified":"2023-05-21T12:34:41","modified_gmt":"2023-05-21T11:34:41","slug":"nuestra-historia","status":"publish","type":"page","link":"https:\/\/www.restaurantepozuelo.com\/?page_id=324","title":{"rendered":"Nuestra Historia"},"content":{"rendered":"\n<p>All\u00e1 por el a\u00f1o 1968 dos intr\u00e9pidos Castillo-Leoneses decidieron trasladarse a Madrid, m\u00e1s concretamente a H\u00famera y emprender una nueva aventura en el negocio de la hosteler\u00eda. As\u00ed fue como Teresa y Jos\u00e9 decidieron construir su propio futuro empezando por construir el <strong>Bar Miguel Angel<\/strong> en <strong>H\u00famera<\/strong>.<\/p>\n\n\n<div class=\"wp-block-image is-style-default\">\n<figure class=\"aligncenter size-large is-resized\"><a href=\"https:\/\/www.restaurantepozuelo.com\/wp-content\/uploads\/2023\/05\/Bar-Original.jpg\"><img loading=\"lazy\" decoding=\"async\" src=\"https:\/\/www.restaurantepozuelo.com\/wp-content\/uploads\/2023\/05\/Bar-Original-1024x756.jpg\" alt=\"\" class=\"wp-image-329\" width=\"1010\" height=\"745\" srcset=\"https:\/\/www.restaurantepozuelo.com\/wp-content\/uploads\/2023\/05\/Bar-Original-1024x756.jpg 1024w, https:\/\/www.restaurantepozuelo.com\/wp-content\/uploads\/2023\/05\/Bar-Original-300x222.jpg 300w, https:\/\/www.restaurantepozuelo.com\/wp-content\/uploads\/2023\/05\/Bar-Original-768x567.jpg 768w, https:\/\/www.restaurantepozuelo.com\/wp-content\/uploads\/2023\/05\/Bar-Original-1320x975.jpg 1320w, https:\/\/www.restaurantepozuelo.com\/wp-content\/uploads\/2023\/05\/Bar-Original.jpg 1389w\" sizes=\"auto, (max-width: 1010px) 100vw, 1010px\" \/><\/a><\/figure>\n<\/div>\n\n\n<figure class=\"wp-block-gallery has-nested-images columns-default is-cropped wp-block-gallery-1 is-layout-flex wp-block-gallery-is-layout-flex\">\n<figure class=\"wp-block-image size-large\"><a href=\"https:\/\/www.restaurantepozuelo.com\/wp-content\/uploads\/2023\/05\/Antiguo-Bar001-2-scaled.jpg\" target=\"_blank\" rel=\"noopener\"><img loading=\"lazy\" decoding=\"async\" width=\"1024\" height=\"659\" data-id=\"337\" src=\"https:\/\/www.restaurantepozuelo.com\/wp-content\/uploads\/2023\/05\/Antiguo-Bar001-2-1024x659.jpg\" alt=\"\" class=\"wp-image-337\" srcset=\"https:\/\/www.restaurantepozuelo.com\/wp-content\/uploads\/2023\/05\/Antiguo-Bar001-2-1024x659.jpg 1024w, https:\/\/www.restaurantepozuelo.com\/wp-content\/uploads\/2023\/05\/Antiguo-Bar001-2-300x193.jpg 300w, https:\/\/www.restaurantepozuelo.com\/wp-content\/uploads\/2023\/05\/Antiguo-Bar001-2-768x494.jpg 768w, https:\/\/www.restaurantepozuelo.com\/wp-content\/uploads\/2023\/05\/Antiguo-Bar001-2-1536x988.jpg 1536w, https:\/\/www.restaurantepozuelo.com\/wp-content\/uploads\/2023\/05\/Antiguo-Bar001-2-2048x1317.jpg 2048w, https:\/\/www.restaurantepozuelo.com\/wp-content\/uploads\/2023\/05\/Antiguo-Bar001-2-1320x849.jpg 1320w, https:\/\/www.restaurantepozuelo.com\/wp-content\/uploads\/2023\/05\/Antiguo-Bar001-2-scaled.jpg 2000w\" sizes=\"auto, (max-width: 1024px) 100vw, 1024px\" \/><\/a><\/figure>\n\n\n\n<figure class=\"wp-block-image size-large\"><a href=\"https:\/\/www.restaurantepozuelo.com\/wp-content\/uploads\/2023\/05\/Antiguo-Bar002-1-scaled.jpg\" target=\"_blank\" rel=\"noopener\"><img loading=\"lazy\" decoding=\"async\" width=\"1024\" height=\"737\" data-id=\"336\" src=\"https:\/\/www.restaurantepozuelo.com\/wp-content\/uploads\/2023\/05\/Antiguo-Bar002-1-1024x737.jpg\" alt=\"\" class=\"wp-image-336\" srcset=\"https:\/\/www.restaurantepozuelo.com\/wp-content\/uploads\/2023\/05\/Antiguo-Bar002-1-1024x737.jpg 1024w, https:\/\/www.restaurantepozuelo.com\/wp-content\/uploads\/2023\/05\/Antiguo-Bar002-1-300x216.jpg 300w, https:\/\/www.restaurantepozuelo.com\/wp-content\/uploads\/2023\/05\/Antiguo-Bar002-1-768x553.jpg 768w, https:\/\/www.restaurantepozuelo.com\/wp-content\/uploads\/2023\/05\/Antiguo-Bar002-1-1536x1106.jpg 1536w, https:\/\/www.restaurantepozuelo.com\/wp-content\/uploads\/2023\/05\/Antiguo-Bar002-1-2048x1475.jpg 2048w, https:\/\/www.restaurantepozuelo.com\/wp-content\/uploads\/2023\/05\/Antiguo-Bar002-1-1320x950.jpg 1320w, https:\/\/www.restaurantepozuelo.com\/wp-content\/uploads\/2023\/05\/Antiguo-Bar002-1-scaled.jpg 2000w\" sizes=\"auto, (max-width: 1024px) 100vw, 1024px\" \/><\/a><\/figure>\n\n\n\n<figure class=\"wp-block-image size-large\"><a href=\"https:\/\/www.restaurantepozuelo.com\/wp-content\/uploads\/2023\/05\/Antiguo-Bar003-2-scaled.jpg\" target=\"_blank\" rel=\"noopener\"><img loading=\"lazy\" decoding=\"async\" width=\"1024\" height=\"737\" data-id=\"338\" src=\"https:\/\/www.restaurantepozuelo.com\/wp-content\/uploads\/2023\/05\/Antiguo-Bar003-2-1024x737.jpg\" alt=\"\" class=\"wp-image-338\" srcset=\"https:\/\/www.restaurantepozuelo.com\/wp-content\/uploads\/2023\/05\/Antiguo-Bar003-2-1024x737.jpg 1024w, https:\/\/www.restaurantepozuelo.com\/wp-content\/uploads\/2023\/05\/Antiguo-Bar003-2-300x216.jpg 300w, https:\/\/www.restaurantepozuelo.com\/wp-content\/uploads\/2023\/05\/Antiguo-Bar003-2-768x553.jpg 768w, https:\/\/www.restaurantepozuelo.com\/wp-content\/uploads\/2023\/05\/Antiguo-Bar003-2-1536x1106.jpg 1536w, https:\/\/www.restaurantepozuelo.com\/wp-content\/uploads\/2023\/05\/Antiguo-Bar003-2-2048x1475.jpg 2048w, https:\/\/www.restaurantepozuelo.com\/wp-content\/uploads\/2023\/05\/Antiguo-Bar003-2-1320x950.jpg 1320w, https:\/\/www.restaurantepozuelo.com\/wp-content\/uploads\/2023\/05\/Antiguo-Bar003-2-scaled.jpg 2000w\" sizes=\"auto, (max-width: 1024px) 100vw, 1024px\" \/><\/a><\/figure>\n\n\n\n<figure class=\"wp-block-image size-large\"><a href=\"https:\/\/www.restaurantepozuelo.com\/wp-content\/uploads\/2023\/05\/IMG_20201207_0002-rotated.jpg\" target=\"_blank\" rel=\"noopener\"><img loading=\"lazy\" decoding=\"async\" width=\"1024\" height=\"674\" data-id=\"331\" src=\"https:\/\/www.restaurantepozuelo.com\/wp-content\/uploads\/2023\/05\/IMG_20201207_0002-1024x674.jpg\" alt=\"\" class=\"wp-image-331\" srcset=\"https:\/\/www.restaurantepozuelo.com\/wp-content\/uploads\/2023\/05\/IMG_20201207_0002-1024x674.jpg 1024w, https:\/\/www.restaurantepozuelo.com\/wp-content\/uploads\/2023\/05\/IMG_20201207_0002-300x197.jpg 300w, https:\/\/www.restaurantepozuelo.com\/wp-content\/uploads\/2023\/05\/IMG_20201207_0002-768x505.jpg 768w, https:\/\/www.restaurantepozuelo.com\/wp-content\/uploads\/2023\/05\/IMG_20201207_0002-rotated.jpg 1216w\" sizes=\"auto, (max-width: 1024px) 100vw, 1024px\" \/><\/a><\/figure>\n\n\n\n<figure class=\"wp-block-image size-large\"><a href=\"https:\/\/www.restaurantepozuelo.com\/wp-content\/uploads\/2023\/05\/IMG_20201207_0003-scaled.jpg\" target=\"_blank\" rel=\"noopener\"><img loading=\"lazy\" decoding=\"async\" width=\"1024\" height=\"819\" data-id=\"333\" src=\"https:\/\/www.restaurantepozuelo.com\/wp-content\/uploads\/2023\/05\/IMG_20201207_0003-1024x819.jpg\" alt=\"\" class=\"wp-image-333\" srcset=\"https:\/\/www.restaurantepozuelo.com\/wp-content\/uploads\/2023\/05\/IMG_20201207_0003-1024x819.jpg 1024w, https:\/\/www.restaurantepozuelo.com\/wp-content\/uploads\/2023\/05\/IMG_20201207_0003-300x240.jpg 300w, https:\/\/www.restaurantepozuelo.com\/wp-content\/uploads\/2023\/05\/IMG_20201207_0003-768x614.jpg 768w, https:\/\/www.restaurantepozuelo.com\/wp-content\/uploads\/2023\/05\/IMG_20201207_0003-1536x1229.jpg 1536w, https:\/\/www.restaurantepozuelo.com\/wp-content\/uploads\/2023\/05\/IMG_20201207_0003-2048x1638.jpg 2048w, https:\/\/www.restaurantepozuelo.com\/wp-content\/uploads\/2023\/05\/IMG_20201207_0003-1320x1056.jpg 1320w, https:\/\/www.restaurantepozuelo.com\/wp-content\/uploads\/2023\/05\/IMG_20201207_0003-scaled.jpg 1500w\" sizes=\"auto, (max-width: 1024px) 100vw, 1024px\" \/><\/a><\/figure>\n\n\n\n<figure class=\"wp-block-image size-large\"><a href=\"https:\/\/www.restaurantepozuelo.com\/wp-content\/uploads\/2023\/05\/Jose_001.jpg\" target=\"_blank\" rel=\"noopener\"><img loading=\"lazy\" decoding=\"async\" width=\"677\" height=\"1024\" data-id=\"332\" src=\"https:\/\/www.restaurantepozuelo.com\/wp-content\/uploads\/2023\/05\/Jose_001-677x1024.jpg\" alt=\"\" class=\"wp-image-332\" srcset=\"https:\/\/www.restaurantepozuelo.com\/wp-content\/uploads\/2023\/05\/Jose_001-677x1024.jpg 677w, https:\/\/www.restaurantepozuelo.com\/wp-content\/uploads\/2023\/05\/Jose_001-198x300.jpg 198w, https:\/\/www.restaurantepozuelo.com\/wp-content\/uploads\/2023\/05\/Jose_001.jpg 705w\" sizes=\"auto, (max-width: 677px) 100vw, 677px\" \/><\/a><\/figure>\n<\/figure>\n","protected":false},"excerpt":{"rendered":"<p>All\u00e1 por el a\u00f1o 1968 dos intr\u00e9pidos Castillo-Leoneses decidieron trasladarse<span class=\"more-button\"><a href=\"https:\/\/www.restaurantepozuelo.com\/?page_id=324\" class=\"more-link\">Continue reading<span class=\"screen-reader-text\">Nuestra Historia<\/span><\/a><\/span><\/p>\n","protected":false},"author":1,"featured_media":0,"parent":0,"menu_order":0,"comment_status":"closed","ping_status":"closed","template":"","meta":{"footnotes":""},"class_list":["post-324","page","type-page","status-publish","hentry"],"yoast_head":"<!-- This site is optimized with the Yoast SEO plugin v27.2 - https:\/\/yoast.com\/product\/yoast-seo-wordpress\/ -->\n<title>Nuestra Historia - Miguel \u00c1ngel<\/title>\n<meta name=\"robots\" content=\"index, follow, max-snippet:-1, max-image-preview:large, max-video-preview:-1\" \/>\n<link rel=\"canonical\" href=\"https:\/\/www.restaurantepozuelo.com\/?page_id=324\" \/>\n<meta property=\"og:locale\" content=\"es_ES\" \/>\n<meta property=\"og:type\" content=\"article\" \/>\n<meta property=\"og:title\" content=\"Nuestra Historia - Miguel \u00c1ngel\" \/>\n<meta property=\"og:description\" content=\"All\u00e1 por el a\u00f1o 1968 dos intr\u00e9pidos Castillo-Leoneses decidieron trasladarseContinue readingNuestra Historia\" \/>\n<meta property=\"og:url\" content=\"https:\/\/www.restaurantepozuelo.com\/?page_id=324\" \/>\n<meta property=\"og:site_name\" content=\"Miguel \u00c1ngel\" \/>\n<meta property=\"article:modified_time\" content=\"2023-05-21T11:34:41+00:00\" \/>\n<meta property=\"og:image\" content=\"https:\/\/www.restaurantepozuelo.com\/wp-content\/uploads\/2023\/05\/Bar-Original-1024x756.jpg\" \/>\n<meta name=\"twitter:card\" content=\"summary_large_image\" \/>\n<meta name=\"twitter:label1\" content=\"Tiempo de lectura\" \/>\n\t<meta name=\"twitter:data1\" content=\"2 minutos\" \/>\n<script type=\"application\/ld+json\" class=\"yoast-schema-graph\">{\"@context\":\"https:\/\/schema.org\",\"@graph\":[{\"@type\":\"WebPage\",\"@id\":\"https:\/\/www.restaurantepozuelo.com\/?page_id=324\",\"url\":\"https:\/\/www.restaurantepozuelo.com\/?page_id=324\",\"name\":\"Nuestra Historia - Miguel \u00c1ngel\",\"isPartOf\":{\"@id\":\"https:\/\/www.restaurantepozuelo.com\/#website\"},\"primaryImageOfPage\":{\"@id\":\"https:\/\/www.restaurantepozuelo.com\/?page_id=324#primaryimage\"},\"image\":{\"@id\":\"https:\/\/www.restaurantepozuelo.com\/?page_id=324#primaryimage\"},\"thumbnailUrl\":\"https:\/\/www.restaurantepozuelo.com\/wp-content\/uploads\/2023\/05\/Bar-Original-1024x756.jpg\",\"datePublished\":\"2023-05-21T11:20:07+00:00\",\"dateModified\":\"2023-05-21T11:34:41+00:00\",\"breadcrumb\":{\"@id\":\"https:\/\/www.restaurantepozuelo.com\/?page_id=324#breadcrumb\"},\"inLanguage\":\"es\",\"potentialAction\":[{\"@type\":\"ReadAction\",\"target\":[\"https:\/\/www.restaurantepozuelo.com\/?page_id=324\"]}]},{\"@type\":\"ImageObject\",\"inLanguage\":\"es\",\"@id\":\"https:\/\/www.restaurantepozuelo.com\/?page_id=324#primaryimage\",\"url\":\"https:\/\/www.restaurantepozuelo.com\/wp-content\/uploads\/2023\/05\/Bar-Original.jpg\",\"contentUrl\":\"https:\/\/www.restaurantepozuelo.com\/wp-content\/uploads\/2023\/05\/Bar-Original.jpg\",\"width\":1389,\"height\":1026},{\"@type\":\"BreadcrumbList\",\"@id\":\"https:\/\/www.restaurantepozuelo.com\/?page_id=324#breadcrumb\",\"itemListElement\":[{\"@type\":\"ListItem\",\"position\":1,\"name\":\"Portada\",\"item\":\"https:\/\/www.restaurantepozuelo.com\/\"},{\"@type\":\"ListItem\",\"position\":2,\"name\":\"Nuestra Historia\"}]},{\"@type\":\"WebSite\",\"@id\":\"https:\/\/www.restaurantepozuelo.com\/#website\",\"url\":\"https:\/\/www.restaurantepozuelo.com\/\",\"name\":\"Miguel \u00c1ngel\",\"description\":\"Bar restaurante fundado en 1968\",\"publisher\":{\"@id\":\"https:\/\/www.restaurantepozuelo.com\/#\/schema\/person\/72ad1ddf46fd0aad43375d685d4a31cb\"},\"potentialAction\":[{\"@type\":\"SearchAction\",\"target\":{\"@type\":\"EntryPoint\",\"urlTemplate\":\"https:\/\/www.restaurantepozuelo.com\/?s={search_term_string}\"},\"query-input\":{\"@type\":\"PropertyValueSpecification\",\"valueRequired\":true,\"valueName\":\"search_term_string\"}}],\"inLanguage\":\"es\"},{\"@type\":[\"Person\",\"Organization\"],\"@id\":\"https:\/\/www.restaurantepozuelo.com\/#\/schema\/person\/72ad1ddf46fd0aad43375d685d4a31cb\",\"name\":\"admin\",\"image\":{\"@type\":\"ImageObject\",\"inLanguage\":\"es\",\"@id\":\"https:\/\/www.restaurantepozuelo.com\/wp-content\/litespeed\/avatar\/cdf8065aed0eceb087defdc217821f8c.jpg?ver=1775882121\",\"url\":\"https:\/\/www.restaurantepozuelo.com\/wp-content\/litespeed\/avatar\/cdf8065aed0eceb087defdc217821f8c.jpg?ver=1775882121\",\"contentUrl\":\"https:\/\/www.restaurantepozuelo.com\/wp-content\/litespeed\/avatar\/cdf8065aed0eceb087defdc217821f8c.jpg?ver=1775882121\",\"caption\":\"admin\"},\"logo\":{\"@id\":\"https:\/\/www.restaurantepozuelo.com\/wp-content\/litespeed\/avatar\/cdf8065aed0eceb087defdc217821f8c.jpg?ver=1775882121\"}}]}<\/script>\n<!-- \/ Yoast SEO plugin. -->","yoast_head_json":{"title":"Nuestra Historia - Miguel \u00c1ngel","robots":{"index":"index","follow":"follow","max-snippet":"max-snippet:-1","max-image-preview":"max-image-preview:large","max-video-preview":"max-video-preview:-1"},"canonical":"https:\/\/www.restaurantepozuelo.com\/?page_id=324","og_locale":"es_ES","og_type":"article","og_title":"Nuestra Historia - Miguel \u00c1ngel","og_description":"All\u00e1 por el a\u00f1o 1968 dos intr\u00e9pidos Castillo-Leoneses decidieron trasladarseContinue readingNuestra Historia","og_url":"https:\/\/www.restaurantepozuelo.com\/?page_id=324","og_site_name":"Miguel \u00c1ngel","article_modified_time":"2023-05-21T11:34:41+00:00","og_image":[{"url":"https:\/\/www.restaurantepozuelo.com\/wp-content\/uploads\/2023\/05\/Bar-Original-1024x756.jpg","type":"","width":"","height":""}],"twitter_card":"summary_large_image","twitter_misc":{"Tiempo de lectura":"2 minutos"},"schema":{"@context":"https:\/\/schema.org","@graph":[{"@type":"WebPage","@id":"https:\/\/www.restaurantepozuelo.com\/?page_id=324","url":"https:\/\/www.restaurantepozuelo.com\/?page_id=324","name":"Nuestra Historia - Miguel \u00c1ngel","isPartOf":{"@id":"https:\/\/www.restaurantepozuelo.com\/#website"},"primaryImageOfPage":{"@id":"https:\/\/www.restaurantepozuelo.com\/?page_id=324#primaryimage"},"image":{"@id":"https:\/\/www.restaurantepozuelo.com\/?page_id=324#primaryimage"},"thumbnailUrl":"https:\/\/www.restaurantepozuelo.com\/wp-content\/uploads\/2023\/05\/Bar-Original-1024x756.jpg","datePublished":"2023-05-21T11:20:07+00:00","dateModified":"2023-05-21T11:34:41+00:00","breadcrumb":{"@id":"https:\/\/www.restaurantepozuelo.com\/?page_id=324#breadcrumb"},"inLanguage":"es","potentialAction":[{"@type":"ReadAction","target":["https:\/\/www.restaurantepozuelo.com\/?page_id=324"]}]},{"@type":"ImageObject","inLanguage":"es","@id":"https:\/\/www.restaurantepozuelo.com\/?page_id=324#primaryimage","url":"https:\/\/www.restaurantepozuelo.com\/wp-content\/uploads\/2023\/05\/Bar-Original.jpg","contentUrl":"https:\/\/www.restaurantepozuelo.com\/wp-content\/uploads\/2023\/05\/Bar-Original.jpg","width":1389,"height":1026},{"@type":"BreadcrumbList","@id":"https:\/\/www.restaurantepozuelo.com\/?page_id=324#breadcrumb","itemListElement":[{"@type":"ListItem","position":1,"name":"Portada","item":"https:\/\/www.restaurantepozuelo.com\/"},{"@type":"ListItem","position":2,"name":"Nuestra Historia"}]},{"@type":"WebSite","@id":"https:\/\/www.restaurantepozuelo.com\/#website","url":"https:\/\/www.restaurantepozuelo.com\/","name":"Miguel \u00c1ngel","description":"Bar restaurante fundado en 1968","publisher":{"@id":"https:\/\/www.restaurantepozuelo.com\/#\/schema\/person\/72ad1ddf46fd0aad43375d685d4a31cb"},"potentialAction":[{"@type":"SearchAction","target":{"@type":"EntryPoint","urlTemplate":"https:\/\/www.restaurantepozuelo.com\/?s={search_term_string}"},"query-input":{"@type":"PropertyValueSpecification","valueRequired":true,"valueName":"search_term_string"}}],"inLanguage":"es"},{"@type":["Person","Organization"],"@id":"https:\/\/www.restaurantepozuelo.com\/#\/schema\/person\/72ad1ddf46fd0aad43375d685d4a31cb","name":"admin","image":{"@type":"ImageObject","inLanguage":"es","@id":"https:\/\/www.restaurantepozuelo.com\/wp-content\/litespeed\/avatar\/cdf8065aed0eceb087defdc217821f8c.jpg?ver=1775882121","url":"https:\/\/www.restaurantepozuelo.com\/wp-content\/litespeed\/avatar\/cdf8065aed0eceb087defdc217821f8c.jpg?ver=1775882121","contentUrl":"https:\/\/www.restaurantepozuelo.com\/wp-content\/litespeed\/avatar\/cdf8065aed0eceb087defdc217821f8c.jpg?ver=1775882121","caption":"admin"},"logo":{"@id":"https:\/\/www.restaurantepozuelo.com\/wp-content\/litespeed\/avatar\/cdf8065aed0eceb087defdc217821f8c.jpg?ver=1775882121"}}]}},"jetpack_sharing_enabled":true,"_links":{"self":[{"href":"https:\/\/www.restaurantepozuelo.com\/index.php?rest_route=\/wp\/v2\/pages\/324","targetHints":{"allow":["GET"]}}],"collection":[{"href":"https:\/\/www.restaurantepozuelo.com\/index.php?rest_route=\/wp\/v2\/pages"}],"about":[{"href":"https:\/\/www.restaurantepozuelo.com\/index.php?rest_route=\/wp\/v2\/types\/page"}],"author":[{"embeddable":true,"href":"https:\/\/www.restaurantepozuelo.com\/index.php?rest_route=\/wp\/v2\/users\/1"}],"replies":[{"embeddable":true,"href":"https:\/\/www.restaurantepozuelo.com\/index.php?rest_route=%2Fwp%2Fv2%2Fcomments&post=324"}],"version-history":[{"count":4,"href":"https:\/\/www.restaurantepozuelo.com\/index.php?rest_route=\/wp\/v2\/pages\/324\/revisions"}],"predecessor-version":[{"id":343,"href":"https:\/\/www.restaurantepozuelo.com\/index.php?rest_route=\/wp\/v2\/pages\/324\/revisions\/343"}],"wp:attachment":[{"href":"https:\/\/www.restaurantepozuelo.com\/index.php?rest_route=%2Fwp%2Fv2%2Fmedia&parent=324"}],"curies":[{"name":"wp","href":"https:\/\/api.w.org\/{rel}","templated":true}]}}